{"id":11185,"date":"2023-01-11T12:07:22","date_gmt":"2023-01-11T12:07:22","guid":{"rendered":"https:\/\/vip-restaurant.vamtam.com\/?page_id=11185"},"modified":"2023-01-18T12:28:57","modified_gmt":"2023-01-18T12:28:57","slug":"collectivite","status":"publish","type":"page","link":"https:\/\/lacuisinedor.com\/?page_id=11185","title":{"rendered":"Collectivit\u00e9"},"content":{"rendered":"<div class=\"limit-wrapper\"><div class=\"row \"><div class=\"vamtam-grid grid-1-1  vamtam-first-level parallax-bg grid-1-1  first vamtam-hide-bg-lowres has-background unextended no-extended-padding\" style=\"\n\t\t\t\tbackground: url( &#039;https:\/\/lacuisinedor.com\/wp-content\/uploads\/2023\/01\/corporatecateringimage-3.png&#039; ) no-repeat center top;\n\t\t\t\tbackground-size: auto;\n\t\t\tbackground-attachment: scroll;padding-top:0.05px;padding-bottom:40px;\" id=\"vamtam-column-27388fa1254f15ba41da0237c88d2a68\"  data-parallax-method=\"to-centre\" data-parallax-inertia=\"-0.2\"><div class=\"row \"><div class=\"vamtam-grid grid-1-1  grid-1-1  first has-background unextended no-extended-padding\" style=\"\n\t\t\t\tbackground: url( &#039;https:\/\/lacuisinedor.com\/wp-content\/themes\/vip-restaurant\/samples\/images\/shadow-light.png&#039; ) repeat-x center top;\n\t\t\t\tbackground-size: auto;\n\t\t\tbackground-attachment: scroll;padding-top:0.05px;padding-bottom:0.05px;\" id=\"vamtam-column-afd5e0a85e5a1b9b3fab68338d5544e4\" ><div class=\"row \"><div class=\"vamtam-grid grid-1-3  grid-1-3  first unextended has-extended-padding\" style=\"padding-top:0.05px;padding-bottom:0.05px;\" id=\"vamtam-column-0e5e094e875bcb66d7d4c2d617805722\" ><div class=\"vamtam-blank-space  vamtam-hide-lowres\" style=\"height:240px\"><\/div>\n<div class=\"row \"><div class=\"vamtam-grid grid-1-1  grid-1-1  first vamtam-hide-bg-lowres has-background unextended no-extended-padding\" style=\"\n\t\t\t\tbackground: url( &#039;https:\/\/lacuisinedor.com\/wp-content\/uploads\/2023\/01\/cattering_corpo12.jpg&#039; ) no-repeat center top;\n\t\t\t\tbackground-size: auto;\n\t\t\tbackground-attachment: scroll;padding-top:20px;padding-bottom:0.05px;\" id=\"vamtam-column-08bdc4dfd132e5dcbd9124f50e5e1bef\" ><div class=\"vamtam-blank-space  vamtam-hide-lowres\" style=\"height:100px\"><\/div>\n<div class=\"row \"><div class=\"vamtam-grid grid-5-6  grid-5-6  first unextended animation-from-left animated-active no-extended-padding\" style=\"padding-top:0.05px;padding-bottom:0.05px;\" id=\"vamtam-column-a6321a491a3f4382b158de7ff3417c63\" ><span class=\"vamtam-blank-space  vamtam-hide-lowres\" style=\"height:100px\"><\/span>\n<h4>Qualit\u00e9<\/h4>\n<p>\u201cNous apportons une attention particuli\u00e8re \u00e0 la qualit\u00e9 gustative de nos plats. Les normes en mati\u00e8re de s\u00e9curit\u00e9 di\u00e9t\u00e9tique et alimentaire sont strictement respect\u00e9es..\u00a0\u00bb<\/p><\/div><\/div><\/div><\/div><\/div>\n<div class=\"vamtam-grid grid-1-3  grid-1-3  unextended no-extended-padding\" style=\"padding-top:0.05px;padding-bottom:0.05px;\" id=\"vamtam-column-a51304be0dee6d86f929eb4f7bfe6134\" ><span class=\"vamtam-blank-space  vamtam-hide-lowres\" style=\"margin-bottom:-100px\"><\/span>\n<p><img loading=\"lazy\" decoding=\"async\" class=\"size-full wp-image-987963 aligncenter\" src=\"https:\/\/lacuisinedor.com\/wp-content\/uploads\/2023\/01\/iconimage.png\" alt=\"\" width=\"161\" height=\"108\" \/><\/p>\n<h3 style=\"text-align: center;\">La Restauration Collectivit\u00e9<\/h3>\n<p style=\"text-align: center;\">\u201cLa Cuisine d&rsquo;Or est une soci\u00e9t\u00e9 de restauration collective au Maroc qui se met \u00e0 votre service. Elle est en permanence \u00e0 vos c\u00f4t\u00e9s afin de vous proposer des solutions adapt\u00e9es \u00e0 vos besoins sp\u00e9cifiques. Notre entreprise vous assure une alimentation \u00e9quilibr\u00e9e, saine et diversifi\u00e9e.\u201d<\/p><\/div>\n<div class=\"vamtam-grid grid-1-3  grid-1-3  unextended has-extended-padding\" style=\"padding-top:0.05px;padding-bottom:0.05px;\" id=\"vamtam-column-bef8d7d1ddb431d0014ff769f6cc6cea\" ><div class=\"vamtam-blank-space  vamtam-hide-lowres\" style=\"height:210px\"><\/div>\n<div class=\"row \"><div class=\"vamtam-grid grid-1-1  grid-1-1  first vamtam-hide-bg-lowres has-background unextended no-extended-padding\" style=\"\n\t\t\t\tbackground: url( &#039;https:\/\/lacuisinedor.com\/wp-content\/uploads\/2023\/01\/cattering_corpo13.jpg&#039; ) no-repeat center top;\n\t\t\t\tbackground-size: auto;\n\t\t\tbackground-attachment: scroll;padding-top:20px;padding-bottom:0.05px;\" id=\"vamtam-column-f40e1890d48c2cab14f234f1d601de9d\" ><div class=\"vamtam-blank-space  vamtam-hide-lowres\" style=\"height:100px\"><\/div>\n<div class=\"row \"><div class=\"vamtam-grid grid-5-6  grid-5-6  first unextended animation-from-left animated-active no-extended-padding\" style=\"padding-top:0.05px;padding-bottom:0.05px;\" id=\"vamtam-column-1a48082665bc2c00c1f9aa2811c5d885\" ><span class=\"vamtam-blank-space  vamtam-hide-lowres\" style=\"height:130px\"><\/span>\n<h4>Service Adapt\u00e9<\/h4>\n<p>\u00ab\u00a0Nous proposons \u00e0 nos clients, quels que soient leurs secteurs d\u2019activit\u00e9, des solutions adapt\u00e9es \u00e0 leurs attentes et nous les accompagnons pendant leurs moments de repas..\u201d<\/p><\/div><\/div><\/div><\/div><\/div><\/div><\/div><\/div>\n<div class=\"vamtam-blank-space  vamtam-hide-lowres\" style=\"height:60px\"><\/div><\/div><\/div><\/div>\n<div class=\"limit-wrapper\"><div class=\"row \"><div class=\"vamtam-grid grid-1-1 add-shadow vamtam-first-level grid-1-1  first unextended no-extended-padding\" style=\"padding-top:0.05px;padding-bottom:0.05px;\" id=\"vamtam-column-dbad8929f9dc51c3679e0f9794b1d71f\" ><div class=\"row \"><div class=\"vamtam-grid grid-1-2  grid-1-2  first unextended left-border no-extended-padding\" style=\"padding-top:0.05px;padding-bottom:0.05px;\" id=\"vamtam-column-5dcba639aa0d1ebda5706ca1ee18272f\" ><style>#vamtam-column-5dcba639aa0d1ebda5706ca1ee18272f:before{background-color:#dfdfdf;}<\/style><div class=\"row \"><div class=\"vamtam-grid grid-1-3  grid-1-3  first has-background unextended no-extended-padding\" style=\"\n\t\t\t\tbackground: url( &#039;https:\/\/lacuisinedor.com\/wp-content\/uploads\/2023\/01\/rigtbanner_catering02.jpg&#039; ) no-repeat right center;\n\t\t\t\tbackground-size: auto;\n\t\t\tbackground-attachment: scroll;padding-top:100px;padding-bottom:0.05px;\" id=\"vamtam-column-bcd39f89541128ebcf9aa6dca0201d28\" ><\/div>\n<div class=\"vamtam-grid grid-2-3  grid-2-3  unextended no-extended-padding\" style=\"padding-top:0.05px;padding-bottom:0.05px;\" id=\"vamtam-column-cea99c350be63d6978ac8ba658fac80b\" ><span class=\"vamtam-blank-space \" style=\"height:60px\"><\/span>\n<p style=\"text-align: center;\"><span class='icon shortcode theme  use-hover' style='color:#cb7152;font-size:60px !important;'>&#59651;<\/span>\n<span class=\"vamtam-blank-space \" style=\"margin-bottom:-10px\"><\/span>\n<h3 style=\"text-align: center;\">\u00c9v\u00e9nements<\/h3>\n<h5 class=\"vamtam-font-style-2 with-color\" style=\"text-align: center;\">La Cuisine d&rsquo;Or<\/h5>\n<p style=\"text-align: center;\">Avec La Cuisine d&rsquo;Or, vos yeux vont s\u2019ouvrir de plaisir. Notre id\u00e9e, vous proposer une restauration simple et cr\u00e9ative dans une ambiance d\u00e9contract\u00e9e. L\u2019heure \u00e0 laquelle vos papilles vont d\u00e9couvrir de nouvelles saveurs originales et inattendues. Dans la convivialit\u00e9 et la bonne humeur, nous ferons tout pour faire de votre \u00e9v\u00e9nement un savoureux moment.<\/p>\n<span class=\"vamtam-blank-space \" style=\"height:5px\"><\/span>\n<p class=\"textcenter\"><a href=\"\/contacts\" target=\"_self\" style='font-size: 14px;' class=\"vamtam-button accent1  button-border hover-accent1 \"><span class=\"btext\" data-text=\"Nous Contacter!\" style=\"color:#000000\">Nous Contacter!<\/span><\/a><\/p>\n<span class=\"vamtam-blank-space \" style=\"height:40px\"><\/span><\/div><\/div><\/div>\n<div class=\"vamtam-grid grid-1-2  grid-1-2  unextended left-border no-extended-padding\" style=\"padding-top:0.05px;padding-bottom:0.05px;\" id=\"vamtam-column-9a905e8018424d0f9f329969db679d89\" ><style>#vamtam-column-9a905e8018424d0f9f329969db679d89:before{background-color:#dfdfdf;}<\/style><div class=\"row \"><div class=\"vamtam-grid grid-2-3  grid-2-3  first unextended no-extended-padding\" style=\"padding-top:0.05px;padding-bottom:0.05px;\" id=\"vamtam-column-76412152f6ec71621ed9f4ac5ba7c361\" ><span class=\"vamtam-blank-space \" style=\"height:60px\"><\/span>\n<p style=\"text-align: center;\"><span class='icon shortcode theme  use-hover' style='color:#cb7152;font-size:60px !important;'>&#59651;<\/span>\n<span class=\"vamtam-blank-space \" style=\"margin-bottom:-10px\"><\/span>\n<h3 style=\"text-align: center;\">Collectivit\u00e9<\/h3>\n<h5 class=\"vamtam-font-style-2 with-color\" style=\"text-align: center;\">La Cuisine d&rsquo;Or<\/h5>\n<p style=\"text-align: center;\"><strong>La Cuisine d&rsquo;Or<\/strong>\u00a0offre une nouvelle approche de la restauration d\u2019entreprise au Maroc, plus proche, plus flexible, plus humaine.<br \/>\nUne v\u00e9ritable cuisine maison, compos\u00e9e uniquement de produits frais, locaux, de qualit\u00e9 et de saison\u2026 au meilleur prix.<\/p>\n<h4 style=\"text-align: center;\">0661 86 57 50<\/h4>\n<span class=\"vamtam-blank-space \" style=\"height:5px\"><\/span>\n<p class=\"textcenter\"><a href=\"\/contacts\" target=\"_self\" style='font-size: 14px;' class=\"vamtam-button accent1  button-border hover-accent1 \"><span class=\"btext\" data-text=\"Nous Contacter!\" style=\"color:#000000\">Nous Contacter!<\/span><\/a><\/p>\n<span class=\"vamtam-blank-space \" style=\"height:40px\"><\/span><\/div>\n<div class=\"vamtam-grid grid-1-3  grid-1-3  has-background unextended no-extended-padding\" style=\"\n\t\t\t\tbackground: url( &#039;https:\/\/lacuisinedor.com\/wp-content\/uploads\/2023\/01\/rigtbanner_catering01.jpg&#039; ) no-repeat right center;\n\t\t\t\tbackground-size: auto;\n\t\t\tbackground-attachment: scroll;padding-top:100px;padding-bottom:0.05px;\" id=\"vamtam-column-a4a6ff8f070ef1313f80e75613919283\" ><\/div><\/div><\/div><\/div><\/div><\/div><\/div>\n<div class=\"vamtam-blank-space  vamtam-hide-lowres\" style=\"height:60px\"><\/div>\n<div class=\"limit-wrapper\"><div class=\"row \"><div class=\"vamtam-grid grid-1-1  vamtam-first-level grid-1-1  first vamtam-hide-bg-lowres has-background unextended no-extended-padding\" style=\"\n\t\t\t\tbackground: url( &#039;https:\/\/lacuisinedor.com\/wp-content\/uploads\/2023\/01\/rigtbanner_catering04.jpg&#039; ) no-repeat left center;\n\t\t\t\tbackground-size: auto;\n\t\t\tbackground-attachment: scroll;padding-top:0.05px;padding-bottom:0.05px;\" id=\"vamtam-column-cbbee6042caf1b8ac14bf5ad9d825ad7\" ><div class=\"row \"><div class=\"vamtam-grid grid-1-4  grid-1-4  first unextended has-extended-padding\" style=\"padding-top:0.05px;padding-bottom:0.05px;\" id=\"vamtam-column-e258e65dc715665aadb4daf5322df8fb\" ><\/div>\n<div class=\"vamtam-grid grid-1-2  grid-1-2  unextended animation-fade-in animated-active no-extended-padding\" style=\"padding-top:0.05px;padding-bottom:0.05px;\" id=\"vamtam-column-69f37b7392b2e2dddc8a716c25ffb30a\" ><span class=\"vamtam-blank-space  vamtam-hide-lowres\" style=\"height:60px\"><\/span>\n<p style=\"padding-left: 60px;\"><span class='icon shortcode theme  use-hover' style='color:#cb7152;font-size:80px !important;'>&#59651;<\/span>\n<h3 style=\"padding-left: 60px;\">Valeurs et Principes \u00e9thiques<\/h3>\n<p style=\"padding-left: 60px;\">Nos collaborateurs sont notre plus grand atout et incarnent nos valeurs : l\u2019esprit de service, l\u2019esprit d\u2019\u00e9quipe et l\u2019esprit de progr\u00e8s.\u00a0 L\u2019\u00e9thique est essentielle au succ\u00e8s de La Cuisine d&rsquo;Or et constitue un pilier fondamental de nos engagements en mati\u00e8re de conduite responsable des affaires.<\/p><\/div>\n<div class=\"vamtam-grid grid-1-4  grid-1-4  unextended no-extended-padding\" style=\"padding-top:40px;padding-bottom:0.05px;\" id=\"vamtam-column-999d2d7dee63bbaa4065ebef5b26c179\" ><div class=\"vamtam-blank-space  vamtam-hide-lowres\" style=\"height:40px\"><\/div><\/div><\/div><\/div><\/div><\/div>\n<div class=\"vamtam-blank-space \" style=\"height:40px\"><\/div>\n<div class=\"limit-wrapper\"><div class=\"row \"><div class=\"vamtam-grid grid-1-3  vamtam-first-level grid-1-3  first unextended no-extended-padding\" style=\"padding-top:0.05px;padding-bottom:0.05px;\" id=\"vamtam-column-a861c720681c724877c846d6eeaf3e90\" ><div class='foodpress_menu' id='fp_1' data-tabbed='no'><div class='menu_arguments' style='display:none' data-id=\"1\" data-meal_type=\"503, 517\" data-tac=\"no\" data-ux=\"lightbox\" data-wordcount=\"20\" data-lang=\"L1\" ><\/div><div class='clear'><\/div><\/div><\/div>\n<div class=\"vamtam-grid grid-1-3  vamtam-first-level grid-1-3  unextended no-extended-padding\" style=\"padding-top:0.05px;padding-bottom:0.05px;\" id=\"vamtam-column-ef039cd33f0770c2b25c97a78d28141b\" ><div class='foodpress_menu' id='fp_1' data-tabbed='no'><div class='menu_arguments' style='display:none' data-id=\"1\" data-meal_type=\"504, 505\" data-tac=\"no\" data-ux=\"lightbox\" data-wordcount=\"20\" data-lang=\"L1\" ><\/div><div class='clear'><\/div><\/div><\/div>\n<div class=\"vamtam-grid grid-1-3  vamtam-first-level grid-1-3  unextended no-extended-padding\" style=\"padding-top:0.05px;padding-bottom:0.05px;\" id=\"vamtam-column-20277127a12e7b9d593dec34208af242\" ><div class='foodpress_menu' id='fp_1' data-tabbed='no'><div class='menu_arguments' style='display:none' data-id=\"1\" data-meal_type=\"518, 506\" data-tac=\"no\" data-ux=\"lightbox\" data-wordcount=\"20\" data-lang=\"L1\" ><\/div><div class='clear'><\/div><\/div><\/div><\/div><\/div>\n<div class=\"vamtam-blank-space \" style=\"height:60px\"><\/div>\n<div class=\"row \"><div class=\"vamtam-grid grid-1-1  vamtam-first-level grid-1-1  first extended-content unextended no-extended-padding\" style=\"padding-top:0.05px;padding-bottom:0.05px;\" id=\"vamtam-column-3aae9fec06e59039c5aae077d20b67da\" ><div class=\"extended-column-inner\"><div class=\"row \"><div class=\"vamtam-grid grid-1-1  grid-1-1  first unextended no-extended-padding\" style=\"padding-top:0.05px;padding-bottom:0.05px;\" id=\"vamtam-column-367c55d546f0844f78ddac013a2954fd\" ><p><iframe loading=\"lazy\" style=\"border: 0;\" src=\"https:\/\/www.google.com\/maps\/embed?pb=!1m18!1m12!1m3!1d26375.987116501426!2d-5.710767884609461!3d35.675838325151844!2m3!1f0!2f0!3f0!3m2!1i1024!2i768!4f13.1!3m3!1m2!1s0x0%3A0xe01f18880c09c483!2sLa%20Cuisine%20D'Or!5e1!3m2!1sfr!2sma!4v1674044352424!5m2!1sfr!2sma\" width=\"100%\" height=\"450\" allowfullscreen=\"allowfullscreen\"><\/iframe><\/p><\/div><\/div><\/div><\/div><\/div>\n<div class=\"vamtam-blank-space  vamtam-hide-lowres\" style=\"margin-bottom:-80px\"><\/div>\n<div class=\"limit-wrapper\"><div class=\"row \"><div class=\"vamtam-grid grid-1-1  vamtam-first-level grid-1-1  first has-background unextended no-extended-padding\" style=\"background-color:#ffffff;padding-top:0.05px;padding-bottom:0.05px;\" id=\"vamtam-column-c6ae76cf19b7c8ea92d158896a72db88\" ><style>#vamtam-column-c6ae76cf19b7c8ea92d158896a72db88,#vamtam-column-c6ae76cf19b7c8ea92d158896a72db88 p,#vamtam-column-c6ae76cf19b7c8ea92d158896a72db88 em,#vamtam-column-c6ae76cf19b7c8ea92d158896a72db88 h1,#vamtam-column-c6ae76cf19b7c8ea92d158896a72db88 h2,#vamtam-column-c6ae76cf19b7c8ea92d158896a72db88 h3,#vamtam-column-c6ae76cf19b7c8ea92d158896a72db88 h4,#vamtam-column-c6ae76cf19b7c8ea92d158896a72db88 h5,#vamtam-column-c6ae76cf19b7c8ea92d158896a72db88 h6,#vamtam-column-c6ae76cf19b7c8ea92d158896a72db88 h1 a:not(:hover),#vamtam-column-c6ae76cf19b7c8ea92d158896a72db88 h2 a:not(:hover),#vamtam-column-c6ae76cf19b7c8ea92d158896a72db88 h3 a:not(:hover),#vamtam-column-c6ae76cf19b7c8ea92d158896a72db88 h4 a:not(:hover),#vamtam-column-c6ae76cf19b7c8ea92d158896a72db88 h5 a:not(:hover),#vamtam-column-c6ae76cf19b7c8ea92d158896a72db88 h6 a:not(:hover),#vamtam-column-c6ae76cf19b7c8ea92d158896a72db88 .column-title,#vamtam-column-c6ae76cf19b7c8ea92d158896a72db88 .sep-text h2.regular-title-wrapper,#vamtam-column-c6ae76cf19b7c8ea92d158896a72db88 .text-divider-double,#vamtam-column-c6ae76cf19b7c8ea92d158896a72db88 .sep-text .sep-text-line,#vamtam-column-c6ae76cf19b7c8ea92d158896a72db88 .sep,#vamtam-column-c6ae76cf19b7c8ea92d158896a72db88 .sep-2,#vamtam-column-c6ae76cf19b7c8ea92d158896a72db88 .sep-3,#vamtam-column-c6ae76cf19b7c8ea92d158896a72db88 .portfolio-filters .inner-wrapper .cbp-filter-item,#vamtam-column-c6ae76cf19b7c8ea92d158896a72db88 .portfolio-filters .inner-wrapper .cbp-filter-item:hover,#vamtam-column-c6ae76cf19b7c8ea92d158896a72db88 .portfolio-filters .inner-wrapper .cbp-filter-item.cbp-filter-item-active,#vamtam-column-c6ae76cf19b7c8ea92d158896a72db88 td,#vamtam-column-c6ae76cf19b7c8ea92d158896a72db88 th,#vamtam-column-c6ae76cf19b7c8ea92d158896a72db88 caption{color:#333;}<\/style><div class=\"row \"><div class=\"vamtam-grid grid-2-5  grid-2-5  first unextended no-extended-padding\" style=\"padding-top:0.05px;padding-bottom:0.05px;\" id=\"vamtam-column-b34bda032ebeb9d801bea229b5725777\" ><span class=\"vamtam-blank-space \" style=\"height:30px\"><\/span>\n<h4 style=\"text-align: center;\">Horaires Restaurant<\/h4>\n<table class=\"vamtam-time-table\">\n<tbody>\n<tr>\n<td>Lundi &#8211; Vendredi<\/td>\n<td><\/td>\n<td>9.00 \u2013 21:00<\/td>\n<\/tr>\n<tr>\n<td>Samedi<\/td>\n<td><\/td>\n<td>9.00 \u2013 21:00<\/td>\n<\/tr>\n<tr>\n<td>Dimanche<\/td>\n<td><\/td>\n<td>Ferm\u00e9<\/td>\n<\/tr>\n<\/tbody>\n<\/table><\/div>\n<div class=\"vamtam-grid grid-1-5  grid-1-5  unextended no-extended-padding\" style=\"padding-top:0.05px;padding-bottom:0.05px;\" id=\"vamtam-column-7811cc9d15956d23aad87c1614bdb507\" ><div class=\"vamtam-blank-space  vamtam-hide-lowres\" style=\"margin-bottom:-40px\"><\/div>\n<div class=\"row \"><div class=\"vamtam-grid grid-1-1  grid-1-1  first has-background unextended no-extended-padding\" style=\"background-color:#23282F;padding-top:30px;padding-bottom:30px;\" id=\"vamtam-column-579a085f14d7746c0138ac978b50dcdd\" ><style>#vamtam-column-579a085f14d7746c0138ac978b50dcdd,#vamtam-column-579a085f14d7746c0138ac978b50dcdd p,#vamtam-column-579a085f14d7746c0138ac978b50dcdd em,#vamtam-column-579a085f14d7746c0138ac978b50dcdd h1,#vamtam-column-579a085f14d7746c0138ac978b50dcdd h2,#vamtam-column-579a085f14d7746c0138ac978b50dcdd h3,#vamtam-column-579a085f14d7746c0138ac978b50dcdd h4,#vamtam-column-579a085f14d7746c0138ac978b50dcdd h5,#vamtam-column-579a085f14d7746c0138ac978b50dcdd h6,#vamtam-column-579a085f14d7746c0138ac978b50dcdd h1 a:not(:hover),#vamtam-column-579a085f14d7746c0138ac978b50dcdd h2 a:not(:hover),#vamtam-column-579a085f14d7746c0138ac978b50dcdd h3 a:not(:hover),#vamtam-column-579a085f14d7746c0138ac978b50dcdd h4 a:not(:hover),#vamtam-column-579a085f14d7746c0138ac978b50dcdd h5 a:not(:hover),#vamtam-column-579a085f14d7746c0138ac978b50dcdd h6 a:not(:hover),#vamtam-column-579a085f14d7746c0138ac978b50dcdd .column-title,#vamtam-column-579a085f14d7746c0138ac978b50dcdd .sep-text h2.regular-title-wrapper,#vamtam-column-579a085f14d7746c0138ac978b50dcdd .text-divider-double,#vamtam-column-579a085f14d7746c0138ac978b50dcdd .sep-text .sep-text-line,#vamtam-column-579a085f14d7746c0138ac978b50dcdd .sep,#vamtam-column-579a085f14d7746c0138ac978b50dcdd .sep-2,#vamtam-column-579a085f14d7746c0138ac978b50dcdd .sep-3,#vamtam-column-579a085f14d7746c0138ac978b50dcdd .portfolio-filters .inner-wrapper .cbp-filter-item,#vamtam-column-579a085f14d7746c0138ac978b50dcdd .portfolio-filters .inner-wrapper .cbp-filter-item:hover,#vamtam-column-579a085f14d7746c0138ac978b50dcdd .portfolio-filters .inner-wrapper .cbp-filter-item.cbp-filter-item-active,#vamtam-column-579a085f14d7746c0138ac978b50dcdd td,#vamtam-column-579a085f14d7746c0138ac978b50dcdd th,#vamtam-column-579a085f14d7746c0138ac978b50dcdd caption{color:#f5f5f5;}<\/style><div class=\"row \"><div class=\"vamtam-grid grid-1-1  grid-1-1  first unextended animation-fade-in animated-active no-extended-padding\" style=\"padding-top:0.05px;padding-bottom:0.05px;\" id=\"vamtam-column-cb7bee6f67ac6e70c58af1a61c80fb81\" ><p style=\"text-align: center;\"><span class='icon shortcode theme  use-hover' style='color:#cb7152;font-size:60px !important;'>&#59649;<\/span>\n<h4 style=\"text-align: center;\">Adresse<\/h4>\n<p style=\"text-align: center;\">Tanger Automotive City (TAC)<br \/>\nLa Nouvelle Ville Cherafate &#8211; Maroc<\/p>\n<p style=\"text-align: center;\"><p class=\"textcenter\"><a href=\"\/contacts\/\" target=\"_self\" style='font-size: 12px;' class=\"vamtam-button accent1  button-border hover-accent1 \"><span class=\"btext\" data-text=\"Contact\" style=\"color:#ffffff\">Contact<\/span><\/a><\/p><\/div><\/div><\/div><\/div><\/div>\n<div class=\"vamtam-grid grid-2-5  grid-2-5  unextended no-extended-padding\" style=\"padding-top:0.05px;padding-bottom:0.05px;\" id=\"vamtam-column-fb20f4a470d1248933cc240ceae6bb2e\" ><span class=\"vamtam-blank-space \" style=\"height:30px\"><\/span>\n<h4 style=\"text-align: center;\">Nous Contacter<\/h4>\n<h4 style=\"text-align: center;\">0661 86 57 50<\/h4>\n<p style=\"text-align: center;\"><a href=\"info@lacuisinedor.com\">info@lacuisinedor.com<\/a><\/p>\n<p style=\"text-align: center;\"><a href=\"#\"> <span class='icon shortcode   use-hover' style='color:#000000;font-size:18px !important;'>&#58155;<\/span><\/a>\u00a0 <a href=\"#\"><span class='icon shortcode   use-hover' style='color:#000000;font-size:18px !important;'>&#58159;<\/span><\/a>\u00a0 <a href=\"#\"><span class='icon shortcode   use-hover' style='color:#000000;font-size:18px !important;'>&#58216;<\/span><\/a>\u00a0 <a href=\"#\"><span class='icon shortcode   use-hover' style='color:#000000;font-size:18px !important;'>&#58158;<\/span><\/a><\/p><\/div><\/div><\/div><\/div><\/div>\n<div class=\"vamtam-blank-space \" style=\"height:20px\"><\/div>\n<div class=\"vamtam-blank-space  vamtam-hide-lowres\" style=\"height:30px\"><\/div>\n","protected":false},"excerpt":{"rendered":"<p>Qualit\u00e9 \u201cNous apportons une attention particuli\u00e8re \u00e0 la qualit\u00e9 gustative de nos plats. Les normes en mati\u00e8re de s\u00e9curit\u00e9 di\u00e9t\u00e9tique et alimentaire sont strictement respect\u00e9es..\u00a0\u00bb La Restauration Collectivit\u00e9 \u201cLa Cuisine d&rsquo;Or est une soci\u00e9t\u00e9 de restauration collective au Maroc qui&#8230;<\/p>\n","protected":false},"author":1,"featured_media":0,"parent":0,"menu_order":0,"comment_status":"closed","ping_status":"closed","template":"","meta":{"footnotes":""},"class_list":["post-11185","page","type-page","status-publish","hentry"],"_links":{"self":[{"href":"https:\/\/lacuisinedor.com\/index.php?rest_route=\/wp\/v2\/pages\/11185","targetHints":{"allow":["GET"]}}],"collection":[{"href":"https:\/\/lacuisinedor.com\/index.php?rest_route=\/wp\/v2\/pages"}],"about":[{"href":"https:\/\/lacuisinedor.com\/index.php?rest_route=\/wp\/v2\/types\/page"}],"author":[{"embeddable":true,"href":"https:\/\/lacuisinedor.com\/index.php?rest_route=\/wp\/v2\/users\/1"}],"replies":[{"embeddable":true,"href":"https:\/\/lacuisinedor.com\/index.php?rest_route=%2Fwp%2Fv2%2Fcomments&post=11185"}],"version-history":[{"count":10,"href":"https:\/\/lacuisinedor.com\/index.php?rest_route=\/wp\/v2\/pages\/11185\/revisions"}],"predecessor-version":[{"id":988216,"href":"https:\/\/lacuisinedor.com\/index.php?rest_route=\/wp\/v2\/pages\/11185\/revisions\/988216"}],"wp:attachment":[{"href":"https:\/\/lacuisinedor.com\/index.php?rest_route=%2Fwp%2Fv2%2Fmedia&parent=11185"}],"curies":[{"name":"wp","href":"https:\/\/api.w.org\/{rel}","templated":true}]}}